{"id":41,"date":"2014-01-31T22:11:40","date_gmt":"2014-01-31T22:11:40","guid":{"rendered":"http:\/\/www.poligon.si\/en\/?page_id=41"},"modified":"2017-11-12T20:51:07","modified_gmt":"2017-11-12T20:51:07","slug":"about","status":"publish","type":"page","link":"http:\/\/www.poligon.si\/en\/about\/","title":{"rendered":"About"},"content":{"rendered":"[vc_row][vc_column width=&#8221;1\/1&#8243;][heading]Poligon is an autonomous platform for non-profit and for-profit project development with an agenda to empower the self-employed.[\/heading][\/vc_column][\/vc_row][vc_row type=&#8221;full_width_background&#8221; bg_position=&#8221;left top&#8221; bg_repeat=&#8221;no-repeat&#8221; bg_color=&#8221;#ffffff&#8221; text_color=&#8221;dark&#8221; text_align=&#8221;left&#8221; top_padding=&#8221;30&#8243; bottom_padding=&#8221;30&#8243;][vc_column width=&#8221;2\/3&#8243;][vc_column_text]\n<h3><strong>What drives Poligon?<\/strong><\/h3>\n<p>Poligon unites communities in Slovenia, which operate in the field of creative economies, social entrepreneurship and culture. These communities have developed as a response to the economic downturn and increasing precariousness of young professionals.<\/p>\n<p>Cofounders of Poligon are Slovenia Coworking, Slovenia Crowdfunding, Kreativna Cona \u0160i\u0161ka (Rompom) and Ljudje.si, who have invested over 5000 hours into developing and educating about coworking and crowdfunding over the two years before opening the centre in February 2014.<\/p>\n<p>Poligon is run by <a title=\"Residents\" href=\"http:\/\/www.poligon.si\/portfolio\/luka-piskoric\/\"> Luka Pi\u0161kori\u010d<\/a>, Eva Per\u010di\u010d, Marko Orel, Alja Stanko, Ur\u0161a Dolin\u0161ek, our team of interns and many others, without whom this project could not have become a reality.<\/p>\n<p><!-- Click <a title=\"Residents\" href=\"http:\/\/www.poligon.si\/en\/residents\/\">here<\/a> for a list of Residents and <a title=\"Friends\" href=\"http:\/\/www.poligon.si\/en\/friends\/\">here<\/a> for the list of Friends. We are also thankful to all our <a title=\"Supporters\" href=\"http:\/\/www.poligon.si\/en\/supporters\/\">Supporters<\/a> for their moral, material and financial support. --><\/p>\n<h3><strong>Poligon Institute<\/strong><\/h3>\n<p>Poligon, institute for development of creative industries has been founded in 2012 as a response to the lack of governmental policies to support creative industries in Slovenia. Since it\u2019s founding it has supported Slovenia Coworking and Slovenia Crowdfunding initiatives that successfully introduced and promoted concepts of coworking and crowdfunding in Slovenia to tackle the challenges faced by stakeholders in the creative and cultural fields due to changing social and economic circumstances.<br \/>\nIn 2014 Poligon Creative Centre has been established in Ljubljana as the first Slovenian creative centre, operating as an autonomous platform for empowerment of freelancers, creative startups and communities. Poligon has also produced numerous conferences and other events to introduce new concepts and educate key stakeholders, organized exhibitions promoting Slovenian creatives internationally and produced several research and policy papers commissioned by government and municipality stakeholders. Recognized as one of the best practices in Europe, Poligon and it\u2019s know how are regularly shared at numerous conferences and workshops around Europe and wider region.<br \/>\nPoligon operates as private NGO and so far doesn\u2019t receive any public funding.<\/p>\n<p>Poligon is a member of:<br \/>\n<a href=\"http:\/\/creativehubs.eu\/\" rel=\"noopener\" target=\"_blank\">European Creative Hubs Network <\/a><br \/>\n<a href=\"http:\/\/ecbnetwork.eu\/\" rel=\"noopener\" target=\"_blank\">European Creative Business Network <\/a><br \/>\n<a href=\"http:\/\/www.e-c-c-e.de\/en\/nice-network\/members.html\" rel=\"noopener\" target=\"_blank\">Network for Innovations in Culture and Creativity in Europe<\/a><\/p>\n[\/vc_column_text][\/vc_column][vc_column width=&#8221;1\/3&#8243;][\/vc_column][\/vc_row][vc_row type=&#8221;full_width_background&#8221; bg_image=&#8221;460&#8243; bg_position=&#8221;center center&#8221; bg_repeat=&#8221;no-repeat&#8221; parallax_bg=&#8221;true&#8221; text_color=&#8221;dark&#8221; text_align=&#8221;left&#8221;][vc_column width=&#8221;1\/1&#8243;][vc_column_text]\n<p>&nbsp;<\/p>\n<p>&nbsp;<\/p>\n<p>&nbsp;<\/p>\n<p>&nbsp;<\/p>\n<p>&nbsp;<\/p>\n[\/vc_column_text][\/vc_column][\/vc_row][vc_row type=&#8221;full_width_background&#8221; bg_position=&#8221;left top&#8221; bg_repeat=&#8221;no-repeat&#8221; text_color=&#8221;dark&#8221; text_align=&#8221;left&#8221; top_padding=&#8221;30&#8243;][vc_column width=&#8221;2\/3&#8243;][vc_column_text]\n<h3>Poligon Manifesto<\/h3>\n<p>1. Poligon is a training ground for self-employed professionals working in the field of creative economies, culture and social entrepreneurship.<br \/>\n2. Poligon is the first creative centre in Slovenia.<br \/>\n3. Poligon applies latest coworking methods with additional content. Its intention is to empower the self-employed and secure them a better future.<br \/>\n4. Poligon is an autonomous non-profit platform, which enables individuals to develop and work on their for-profit or non-profit projects.<br \/>\n5. Poligon is an open and inclusive platform, it helps connect individuals from various communities, profiles and fields of work.<br \/>\n6. Poligon\u2019s values are based on values from worldwide coworking initiatives, including the following:<br \/>\n&#8211; open source development, as opposed to the conventional, secrecy based entrepreneurial culture,<br \/>\n&#8211; coworking individualism, as opposed to competitive individualism,<br \/>\n&#8211; interdisciplinarity, as opposed to specialization,<br \/>\n&#8211; action and active participation,<br \/>\n&#8211; focus on the process as well as the result,<br \/>\n&#8211; recognition of acknowledgment of individual contributions \/ copyrighted work,<br \/>\n&#8211; emphasizing the talented community, as opposed to the individual and<br \/>\n&#8211; spontaneity, friendship and trust, as opposed to formality.[\/vc_column_text][divider line_type=&#8221;No Line&#8221; custom_height=&#8221;50&#8243;][\/vc_column][vc_column width=&#8221;1\/3&#8243;][\/vc_column][\/vc_row]\n","protected":false},"excerpt":{"rendered":"<p>[vc_row][vc_column width=&#8221;1\/1&#8243;][heading]Poligon is an autonomous platform for non-profit and for-profit project development with an agenda to empower the self-employed.[\/heading][\/vc_column][\/vc_row][vc_row type=&#8221;full_width_background&#8221; bg_position=&#8221;left top&#8221; bg_repeat=&#8221;no-repeat&#8221; bg_color=&#8221;#ffffff&#8221; text_color=&#8221;dark&#8221; text_align=&#8221;left&#8221; top_padding=&#8221;30&#8243; bottom_padding=&#8221;30&#8243;][vc_column width=&#8221;2\/3&#8243;][vc_column_text] What&#8230;<\/p>\n","protected":false},"author":1,"featured_media":0,"parent":0,"menu_order":0,"comment_status":"open","ping_status":"open","template":"","meta":[],"_links":{"self":[{"href":"http:\/\/www.poligon.si\/en\/wp-json\/wp\/v2\/pages\/41"}],"collection":[{"href":"http:\/\/www.poligon.si\/en\/wp-json\/wp\/v2\/pages"}],"about":[{"href":"http:\/\/www.poligon.si\/en\/wp-json\/wp\/v2\/types\/page"}],"author":[{"embeddable":true,"href":"http:\/\/www.poligon.si\/en\/wp-json\/wp\/v2\/users\/1"}],"replies":[{"embeddable":true,"href":"http:\/\/www.poligon.si\/en\/wp-json\/wp\/v2\/comments?post=41"}],"version-history":[{"count":52,"href":"http:\/\/www.poligon.si\/en\/wp-json\/wp\/v2\/pages\/41\/revisions"}],"predecessor-version":[{"id":893,"href":"http:\/\/www.poligon.si\/en\/wp-json\/wp\/v2\/pages\/41\/revisions\/893"}],"wp:attachment":[{"href":"http:\/\/www.poligon.si\/en\/wp-json\/wp\/v2\/media?parent=41"}],"curies":[{"name":"wp","href":"https:\/\/api.w.org\/{rel}","templated":true}]}}